{"id":4386,"date":"2019-11-11T09:55:13","date_gmt":"2019-11-11T09:55:13","guid":{"rendered":"https:\/\/elektro-linden.com\/service-clientele\/"},"modified":"2019-11-11T10:43:18","modified_gmt":"2019-11-11T10:43:18","slug":"service-clientele","status":"publish","type":"page","link":"https:\/\/elektro-linden.com\/fr\/service-clientele\/","title":{"rendered":"Service client\u00e8le"},"content":{"rendered":"<div id='av-layout-grid-1'  class='av-layout-grid-container av-2cw1wo-1ef3916cbed87a4fd29567d5c688fa05 entry-content-wrapper main_color av-flex-cells  avia-builder-el-0  el_before_av_section  avia-builder-el-first   container_wrap sidebar_right'  >\n\n<style type=\"text\/css\" data-created_by=\"avia_inline_auto\" id=\"style-css-av-jxodya2r-2525eb80ae18e3758c71ca55217dd632\">\n.flex_cell.av-jxodya2r-2525eb80ae18e3758c71ca55217dd632{\nvertical-align:top;\n}\n.responsive #top #wrap_all .flex_cell.av-jxodya2r-2525eb80ae18e3758c71ca55217dd632{\npadding:0px 0px 0px 0px !important;\n}\n<\/style>\n<div class='flex_cell av-jxodya2r-2525eb80ae18e3758c71ca55217dd632 av-gridrow-cell av_one_full no_margin  avia-builder-el-1  avia-builder-el-no-sibling  content-align-top av-zero-padding'  ><div class='flex_cell_inner'>\n<style type=\"text\/css\" data-created_by=\"avia_inline_auto\" id=\"style-css-av-jxody5vk-d8f6d04b50fbf189b57186019a58397a\">\n.avia-image-container.av-jxody5vk-d8f6d04b50fbf189b57186019a58397a img.avia_image{\nbox-shadow:none;\n}\n.avia-image-container.av-jxody5vk-d8f6d04b50fbf189b57186019a58397a .av-image-caption-overlay-center{\ncolor:#ffffff;\n}\n<\/style>\n<div  class='avia-image-container av-jxody5vk-d8f6d04b50fbf189b57186019a58397a av-styling- avia-align-center  avia-builder-el-2  avia-builder-el-no-sibling '   itemprop=\"image\" itemscope=\"itemscope\" itemtype=\"https:\/\/schema.org\/ImageObject\" ><div class=\"avia-image-container-inner\"><div class=\"avia-image-overlay-wrap\"><img decoding=\"async\" fetchpriority=\"high\" class='wp-image-4387 avia-img-lazy-loading-not-4387 avia_image ' src=\"https:\/\/elektro-linden.com\/wp-content\/uploads\/2019\/07\/Elektro-linden-header-showroom-buetgenbach.jpg\" alt='' title='Elektro-linden-header-showroom-buetgenbach'  height=\"240\" width=\"1850\"  itemprop=\"thumbnailUrl\" srcset=\"https:\/\/elektro-linden.com\/wp-content\/uploads\/2019\/07\/Elektro-linden-header-showroom-buetgenbach.jpg 1850w, https:\/\/elektro-linden.com\/wp-content\/uploads\/2019\/07\/Elektro-linden-header-showroom-buetgenbach-300x39.jpg 300w, https:\/\/elektro-linden.com\/wp-content\/uploads\/2019\/07\/Elektro-linden-header-showroom-buetgenbach-768x100.jpg 768w, https:\/\/elektro-linden.com\/wp-content\/uploads\/2019\/07\/Elektro-linden-header-showroom-buetgenbach-1030x134.jpg 1030w, https:\/\/elektro-linden.com\/wp-content\/uploads\/2019\/07\/Elektro-linden-header-showroom-buetgenbach-1500x195.jpg 1500w, https:\/\/elektro-linden.com\/wp-content\/uploads\/2019\/07\/Elektro-linden-header-showroom-buetgenbach-705x91.jpg 705w, https:\/\/elektro-linden.com\/wp-content\/uploads\/2019\/07\/Elektro-linden-header-showroom-buetgenbach-450x58.jpg 450w\" sizes=\"(max-width: 1850px) 100vw, 1850px\" \/><\/div><\/div><\/div>\n<\/div><\/div>\n<\/div>\n\n<style type=\"text\/css\" data-created_by=\"avia_inline_auto\" id=\"style-css-av-pihwui-30684fb868f53239eef692a62dfdc5b2\">\n.avia-section.av-pihwui-30684fb868f53239eef692a62dfdc5b2 .av-extra-border-element .av-extra-border-inner{\nbackground-color:#ffffff;\n}\n<\/style>\n<div id='av_section_1'  class='avia-section av-pihwui-30684fb868f53239eef692a62dfdc5b2 main_color avia-section-large avia-no-border-styling  avia-builder-el-3  el_after_av_layout_row  avia-builder-el-last  avia-bg-style-scroll av-arrow-down-section container_wrap sidebar_right'  ><div class='container av-section-cont-open' ><div class='template-page content  av-content-small alpha units'><div class='post-entry post-entry-type-page post-entry-4386'><div class='entry-content-wrapper clearfix'>\n\n<style type=\"text\/css\" data-created_by=\"avia_inline_auto\" id=\"style-css-av-av_heading-2b8d1ebf3e3f9de1f5622f10e033df65\">\n#top .av-special-heading.av-av_heading-2b8d1ebf3e3f9de1f5622f10e033df65{\npadding-bottom:0;\nfont-size:40px;\n}\nbody .av-special-heading.av-av_heading-2b8d1ebf3e3f9de1f5622f10e033df65 .av-special-heading-tag .heading-char{\nfont-size:25px;\n}\n#top #wrap_all .av-special-heading.av-av_heading-2b8d1ebf3e3f9de1f5622f10e033df65 .av-special-heading-tag{\nfont-size:40px;\n}\n.av-special-heading.av-av_heading-2b8d1ebf3e3f9de1f5622f10e033df65 .av-subheading{\nfont-size:10px;\n}\n\n@media only screen and (min-width: 480px) and (max-width: 767px){ \n#top #wrap_all .av-special-heading.av-av_heading-2b8d1ebf3e3f9de1f5622f10e033df65 .av-special-heading-tag{\nfont-size:0.8em;\n}\n}\n\n@media only screen and (max-width: 479px){ \n#top #wrap_all .av-special-heading.av-av_heading-2b8d1ebf3e3f9de1f5622f10e033df65 .av-special-heading-tag{\nfont-size:0.8em;\n}\n}\n<\/style>\n<div  class='av-special-heading av-av_heading-2b8d1ebf3e3f9de1f5622f10e033df65 av-special-heading-h2 blockquote modern-quote modern-centered  avia-builder-el-4  el_before_av_hr  avia-builder-el-first  av-inherit-size'><h2 class='av-special-heading-tag '  itemprop=\"headline\"  >Service client\u00e8le-Hotline: 080 446 768<\/h2><div class=\"special-heading-border\"><div class=\"special-heading-inner-border\"><\/div><\/div><\/div>\n\n<style type=\"text\/css\" data-created_by=\"avia_inline_auto\" id=\"style-css-av-mq6l4q-eded2772145cc1cba7ae60be92bf2db4\">\n#top .hr.hr-invisible.av-mq6l4q-eded2772145cc1cba7ae60be92bf2db4{\nheight:50px;\n}\n<\/style>\n<div  class='hr av-mq6l4q-eded2772145cc1cba7ae60be92bf2db4 hr-invisible  avia-builder-el-5  el_after_av_heading  el_before_av_one_half '><span class='hr-inner '><span class=\"hr-inner-style\"><\/span><\/span><\/div>\n<div class='flex_column_table av-kp8rt6-3698deeac428d9e524b95014d97c039a sc-av_one_half av-equal-height-column-flextable'>\n<style type=\"text\/css\" data-created_by=\"avia_inline_auto\" id=\"style-css-av-kp8rt6-3698deeac428d9e524b95014d97c039a\">\n.flex_column.av-kp8rt6-3698deeac428d9e524b95014d97c039a{\nborder-width:2px;\nborder-color:#ffffff;\nborder-style:solid;\nborder-radius:3px 3px 3px 3px;\npadding:40px 40px 40px 40px;\nbackground-color:#f8f8f8;\n}\n<\/style>\n<div  class='flex_column av-kp8rt6-3698deeac428d9e524b95014d97c039a av_one_half  avia-builder-el-6  el_after_av_hr  el_before_av_one_half  first no_margin flex_column_table_cell av-equal-height-column av-align-top  '     ><style type=\"text\/css\" data-created_by=\"avia_inline_auto\" id=\"style-css-av-jxof3t29-dd8fb84f1c11db0f9a4e7a9fe9b2d8f1\">\n.iconbox.av-jxof3t29-dd8fb84f1c11db0f9a4e7a9fe9b2d8f1 .iconbox_icon{\nbackground-color:#ffffff;\nborder:1px solid #e85c0d;\ncolor:#e85c0d;\n}\n.iconbox.av-jxof3t29-dd8fb84f1c11db0f9a4e7a9fe9b2d8f1 .iconbox_icon.avia-svg-icon svg:first-child{\nfill:#e85c0d;\nstroke:#e85c0d;\n}\n#top #wrap_all .iconbox.av-jxof3t29-dd8fb84f1c11db0f9a4e7a9fe9b2d8f1 .iconbox_content_title{\ncolor:#0670b0;\n}\n<\/style>\n<article  class='iconbox iconbox_top av-jxof3t29-dd8fb84f1c11db0f9a4e7a9fe9b2d8f1 av-no-box av-icon-style-no-border  avia-builder-el-7  avia-builder-el-no-sibling '  itemscope=\"itemscope\" itemtype=\"https:\/\/schema.org\/CreativeWork\" ><div class=\"iconbox_content\"><header class=\"entry-content-header\" aria-label=\"Ic\u00f4ne : Aide \u00e0 la vente &amp; conseils\"><div class='iconbox_icon heading-color avia-iconfont avia-font-entypo-fontello' data-av_icon='\ue8b9' data-av_iconfont='entypo-fontello'  ><\/div><h3 class='iconbox_content_title '  itemprop=\"headline\" >Aide \u00e0 la vente &amp; conseils<\/h3><\/header><div class='iconbox_content_container '  itemprop=\"text\" ><p>Notre \u00e9quipe d&rsquo;experts vous facilite la d\u00e9cision d&rsquo;achat avec des suggestions et des conseils afin que vous puissiez trouver le produit le plus adapt\u00e9 parmi notre gamme.<\/p>\n<p>En plus, nous r\u00e9pondons \u00e0 toutes vos questions concernant nos installations \u00e9lectriques pour concevoir la solution optimale pour vous.<\/p>\n<p>Si vous avez des questions, veuillez prendre contact avec nous par\u00a0<a href=\"http:\/\/elektro-linden.be\/cms\/index.php?article_id=36&amp;clang=1\">le formulaire de contact<\/a>\u00a0ou appelez-nous au +32 080 446 768!<\/p>\n<\/div><\/div><footer class=\"entry-footer\"><\/footer><\/article><\/div>\n<style type=\"text\/css\" data-created_by=\"avia_inline_auto\" id=\"style-css-av-iiwk16-bab3bbbac0fe57397a2b98e0ac5bd16a\">\n.flex_column.av-iiwk16-bab3bbbac0fe57397a2b98e0ac5bd16a{\nborder-width:2px;\nborder-color:#ffffff;\nborder-style:solid;\nborder-radius:3px 3px 3px 3px;\npadding:40px 40px 40px 40px;\nbackground-color:#f8f8f8;\n}\n<\/style>\n<div  class='flex_column av-iiwk16-bab3bbbac0fe57397a2b98e0ac5bd16a av_one_half  avia-builder-el-8  el_after_av_one_half  el_before_av_one_half  no_margin flex_column_table_cell av-equal-height-column av-align-top  '     ><style type=\"text\/css\" data-created_by=\"avia_inline_auto\" id=\"style-css-av-jxof4j52-339d18b2206d8fd768f0cbaf244b56f7\">\n.iconbox.av-jxof4j52-339d18b2206d8fd768f0cbaf244b56f7 .iconbox_icon{\nborder:1px solid #e85c0d;\ncolor:#e85c0d;\n}\n.iconbox.av-jxof4j52-339d18b2206d8fd768f0cbaf244b56f7 .iconbox_icon.avia-svg-icon svg:first-child{\nfill:#e85c0d;\nstroke:#e85c0d;\n}\n#top #wrap_all .iconbox.av-jxof4j52-339d18b2206d8fd768f0cbaf244b56f7 .iconbox_content_title{\ncolor:#0670b0;\n}\n<\/style>\n<article  class='iconbox iconbox_top av-jxof4j52-339d18b2206d8fd768f0cbaf244b56f7 av-no-box av-icon-style-no-border  avia-builder-el-9  avia-builder-el-no-sibling '  itemscope=\"itemscope\" itemtype=\"https:\/\/schema.org\/CreativeWork\" ><div class=\"iconbox_content\"><header class=\"entry-content-header\" aria-label=\"Ic\u00f4ne : Commande &amp; livraison gratuite\"><div class='iconbox_icon heading-color avia-iconfont avia-font-entypo-fontello' data-av_icon='\ue859' data-av_iconfont='entypo-fontello'  ><\/div><h3 class='iconbox_content_title '  itemprop=\"headline\" >Commande &amp; livraison gratuite<\/h3><\/header><div class='iconbox_content_container '  itemprop=\"text\" ><p>Sur demande tous les produits que vous achetez chez nous seront bien s\u00fbr fourni \u00e0 votre domicile et branch\u00e9 professionnellement. Votre nouveau lave-vaisselle, lave-linge ou four seront directement pr\u00eat \u00e0 l&#8217;emploi. Notre personnel vous montrera m\u00eame les astuces les plus importantes pour utiliser votre nouvel appareil.<\/p>\n<\/div><\/div><footer class=\"entry-footer\"><\/footer><\/article><\/div><\/div><!--close column table wrapper. Autoclose: 1 --><div class='flex_column_table av-h0d90q-1df8d829ca9efa2006c0a68ed8ec84ed sc-av_one_half av-equal-height-column-flextable'>\n<style type=\"text\/css\" data-created_by=\"avia_inline_auto\" id=\"style-css-av-h0d90q-1df8d829ca9efa2006c0a68ed8ec84ed\">\n.flex_column.av-h0d90q-1df8d829ca9efa2006c0a68ed8ec84ed{\nborder-width:2px;\nborder-color:#ffffff;\nborder-style:solid;\nborder-radius:3px 3px 3px 3px;\npadding:40px 40px 40px 40px;\nbackground-color:#f8f8f8;\n}\n<\/style>\n<div  class='flex_column av-h0d90q-1df8d829ca9efa2006c0a68ed8ec84ed av_one_half  avia-builder-el-10  el_after_av_one_half  el_before_av_one_half  first no_margin flex_column_table_cell av-equal-height-column av-align-top  column-top-margin'     ><style type=\"text\/css\" data-created_by=\"avia_inline_auto\" id=\"style-css-av-jxof52wv-aec150688a56ac2a1f4f5be8f7e8953a\">\n.iconbox.av-jxof52wv-aec150688a56ac2a1f4f5be8f7e8953a .iconbox_icon{\nborder:1px solid #e85c0d;\ncolor:#e85c0d;\n}\n.iconbox.av-jxof52wv-aec150688a56ac2a1f4f5be8f7e8953a .iconbox_icon.avia-svg-icon svg:first-child{\nfill:#e85c0d;\nstroke:#e85c0d;\n}\n#top #wrap_all .iconbox.av-jxof52wv-aec150688a56ac2a1f4f5be8f7e8953a .iconbox_content_title{\ncolor:#0670b0;\n}\n<\/style>\n<article  class='iconbox iconbox_top av-jxof52wv-aec150688a56ac2a1f4f5be8f7e8953a av-no-box av-icon-style-no-border  avia-builder-el-11  avia-builder-el-no-sibling '  itemscope=\"itemscope\" itemtype=\"https:\/\/schema.org\/CreativeWork\" ><div class=\"iconbox_content\"><header class=\"entry-content-header\" aria-label=\"Ic\u00f4ne : Installation &amp; Montage\"><div class='iconbox_icon heading-color avia-iconfont avia-font-entypo-fontello' data-av_icon='\ue856' data-av_iconfont='entypo-fontello'  ><\/div><h3 class='iconbox_content_title '  itemprop=\"headline\" >Installation &amp; Montage<\/h3><\/header><div class='iconbox_content_container '  itemprop=\"text\" ><div class=\"column two_third last\">\n<p>Notre \u00e9quipe d&rsquo;experts se chargera de l&rsquo;installation \u00e0 l&rsquo;achat d&rsquo;appareils \u00e9lectriques et vous donne de pr\u00e9cieux conseils pour l&rsquo;utilisation.<\/p>\n<p>De la planification de circuits \u00e9lectriques complexes, la r\u00e9novation des anciennes installations \u00e9lectriques, l&rsquo;\u00e9clairage des syst\u00e8mes d&rsquo;alarme et le c\u00e2blage du r\u00e9seau, nous allons faire le travail rapidement et professionnellement.<\/p>\n<\/div>\n<\/div><\/div><footer class=\"entry-footer\"><\/footer><\/article><\/div>\n<style type=\"text\/css\" data-created_by=\"avia_inline_auto\" id=\"style-css-av-gcwrsa-d00ff6df2732a0fd05ae269b11bee828\">\n.flex_column.av-gcwrsa-d00ff6df2732a0fd05ae269b11bee828{\nborder-width:2px;\nborder-color:#ffffff;\nborder-style:solid;\nborder-radius:3px 3px 3px 3px;\npadding:40px 40px 40px 40px;\nbackground-color:#f8f8f8;\n}\n<\/style>\n<div  class='flex_column av-gcwrsa-d00ff6df2732a0fd05ae269b11bee828 av_one_half  avia-builder-el-12  el_after_av_one_half  avia-builder-el-last  no_margin flex_column_table_cell av-equal-height-column av-align-top  column-top-margin'     ><style type=\"text\/css\" data-created_by=\"avia_inline_auto\" id=\"style-css-av-jxof5jvl-bc345a1f0e25f2b5f678bfcb5f9d4511\">\n.iconbox.av-jxof5jvl-bc345a1f0e25f2b5f678bfcb5f9d4511 .iconbox_icon{\nborder:1px solid #e85c0d;\ncolor:#e85c0d;\n}\n.iconbox.av-jxof5jvl-bc345a1f0e25f2b5f678bfcb5f9d4511 .iconbox_icon.avia-svg-icon svg:first-child{\nfill:#e85c0d;\nstroke:#e85c0d;\n}\n#top #wrap_all .iconbox.av-jxof5jvl-bc345a1f0e25f2b5f678bfcb5f9d4511 .iconbox_content_title{\ncolor:#0670b0;\n}\n<\/style>\n<article  class='iconbox iconbox_top av-jxof5jvl-bc345a1f0e25f2b5f678bfcb5f9d4511 av-no-box av-icon-style-no-border  avia-builder-el-13  avia-builder-el-no-sibling '  itemscope=\"itemscope\" itemtype=\"https:\/\/schema.org\/CreativeWork\" ><div class=\"iconbox_content\"><header class=\"entry-content-header\" aria-label=\"Ic\u00f4ne : R\u00e9parations\"><div class='iconbox_icon heading-color avia-iconfont avia-font-entypo-fontello' data-av_icon='\ue855' data-av_iconfont='entypo-fontello'  ><\/div><h3 class='iconbox_content_title '  itemprop=\"headline\" >R\u00e9parations<\/h3><\/header><div class='iconbox_content_container '  itemprop=\"text\" ><p>Pour les r\u00e9parations, notre personnel hautement qualifi\u00e9 est \u00e0 votre disposition. Nous effectuons des r\u00e9parations sur l&rsquo;\u00e9quipement \u00e9lectrique de tout type. Peu importe l&rsquo;appareil \u00e9lectrique ou la marque, nous r\u00e9parons toutes les grandes marques.<\/p>\n<\/div><\/div><footer class=\"entry-footer\"><\/footer><\/article><\/div><\/div><!--close column table wrapper. Autoclose: 1 --><\/div><\/div><\/div><!-- close content main div --><\/div><div class='av-extra-border-element border-extra-arrow-down'><div class='av-extra-border-outer'><div class='av-extra-border-inner'><\/div><\/div><\/div><\/div><div id='after_section_1'  class='main_color av_default_container_wrap container_wrap sidebar_right'  ><div class='container av-section-cont-open' ><div class='template-page content  av-content-small alpha units'><div class='post-entry post-entry-type-page post-entry-4386'><div class='entry-content-wrapper clearfix'>\n","protected":false},"excerpt":{"rendered":"","protected":false},"author":1,"featured_media":0,"parent":0,"menu_order":0,"comment_status":"closed","ping_status":"closed","template":"","meta":{"_monsterinsights_skip_tracking":false,"_monsterinsights_sitenote_active":false,"_monsterinsights_sitenote_note":"","_monsterinsights_sitenote_category":0,"footnotes":""},"class_list":["post-4386","page","type-page","status-publish","hentry"],"yoast_head":"<!-- This site is optimized with the Yoast SEO plugin v27.5 - https:\/\/yoast.com\/product\/yoast-seo-wordpress\/ -->\n<title>Service client\u00e8le - Elektro Linden<\/title>\n<meta name=\"robots\" content=\"index, follow, max-snippet:-1, max-image-preview:large, max-video-preview:-1\" \/>\n<link rel=\"canonical\" href=\"https:\/\/elektro-linden.com\/fr\/service-clientele\/\" \/>\n<meta property=\"og:locale\" content=\"fr_FR\" \/>\n<meta property=\"og:type\" content=\"article\" \/>\n<meta property=\"og:title\" content=\"Service client\u00e8le - Elektro Linden\" \/>\n<meta property=\"og:url\" content=\"https:\/\/elektro-linden.com\/fr\/service-clientele\/\" \/>\n<meta property=\"og:site_name\" content=\"Elektro Linden\" \/>\n<meta property=\"article:modified_time\" content=\"2019-11-11T10:43:18+00:00\" \/>\n<meta name=\"twitter:card\" content=\"summary_large_image\" \/>\n<meta name=\"twitter:label1\" content=\"Dur\u00e9e de lecture estim\u00e9e\" \/>\n\t<meta name=\"twitter:data1\" content=\"7 minutes\" \/>\n<script type=\"application\/ld+json\" class=\"yoast-schema-graph\">{\"@context\":\"https:\\\/\\\/schema.org\",\"@graph\":[{\"@type\":\"WebPage\",\"@id\":\"https:\\\/\\\/elektro-linden.com\\\/fr\\\/service-clientele\\\/\",\"url\":\"https:\\\/\\\/elektro-linden.com\\\/fr\\\/service-clientele\\\/\",\"name\":\"Service client\u00e8le - Elektro Linden\",\"isPartOf\":{\"@id\":\"https:\\\/\\\/elektro-linden.com\\\/#website\"},\"datePublished\":\"2019-11-11T09:55:13+00:00\",\"dateModified\":\"2019-11-11T10:43:18+00:00\",\"breadcrumb\":{\"@id\":\"https:\\\/\\\/elektro-linden.com\\\/fr\\\/service-clientele\\\/#breadcrumb\"},\"inLanguage\":\"fr-FR\",\"potentialAction\":[{\"@type\":\"ReadAction\",\"target\":[\"https:\\\/\\\/elektro-linden.com\\\/fr\\\/service-clientele\\\/\"]}]},{\"@type\":\"BreadcrumbList\",\"@id\":\"https:\\\/\\\/elektro-linden.com\\\/fr\\\/service-clientele\\\/#breadcrumb\",\"itemListElement\":[{\"@type\":\"ListItem\",\"position\":1,\"name\":\"Startseite\",\"item\":\"https:\\\/\\\/elektro-linden.com\\\/fr\\\/\"},{\"@type\":\"ListItem\",\"position\":2,\"name\":\"Service client\u00e8le\"}]},{\"@type\":\"WebSite\",\"@id\":\"https:\\\/\\\/elektro-linden.com\\\/#website\",\"url\":\"https:\\\/\\\/elektro-linden.com\\\/\",\"name\":\"Elektro Linden\",\"description\":\"Ihr Elektropartner aus Ostbelgien\",\"potentialAction\":[{\"@type\":\"SearchAction\",\"target\":{\"@type\":\"EntryPoint\",\"urlTemplate\":\"https:\\\/\\\/elektro-linden.com\\\/?s={search_term_string}\"},\"query-input\":{\"@type\":\"PropertyValueSpecification\",\"valueRequired\":true,\"valueName\":\"search_term_string\"}}],\"inLanguage\":\"fr-FR\"}]}<\/script>\n<!-- \/ Yoast SEO plugin. -->","yoast_head_json":{"title":"Service client\u00e8le - Elektro Linden","robots":{"index":"index","follow":"follow","max-snippet":"max-snippet:-1","max-image-preview":"max-image-preview:large","max-video-preview":"max-video-preview:-1"},"canonical":"https:\/\/elektro-linden.com\/fr\/service-clientele\/","og_locale":"fr_FR","og_type":"article","og_title":"Service client\u00e8le - Elektro Linden","og_url":"https:\/\/elektro-linden.com\/fr\/service-clientele\/","og_site_name":"Elektro Linden","article_modified_time":"2019-11-11T10:43:18+00:00","twitter_card":"summary_large_image","twitter_misc":{"Dur\u00e9e de lecture estim\u00e9e":"7 minutes"},"schema":{"@context":"https:\/\/schema.org","@graph":[{"@type":"WebPage","@id":"https:\/\/elektro-linden.com\/fr\/service-clientele\/","url":"https:\/\/elektro-linden.com\/fr\/service-clientele\/","name":"Service client\u00e8le - Elektro Linden","isPartOf":{"@id":"https:\/\/elektro-linden.com\/#website"},"datePublished":"2019-11-11T09:55:13+00:00","dateModified":"2019-11-11T10:43:18+00:00","breadcrumb":{"@id":"https:\/\/elektro-linden.com\/fr\/service-clientele\/#breadcrumb"},"inLanguage":"fr-FR","potentialAction":[{"@type":"ReadAction","target":["https:\/\/elektro-linden.com\/fr\/service-clientele\/"]}]},{"@type":"BreadcrumbList","@id":"https:\/\/elektro-linden.com\/fr\/service-clientele\/#breadcrumb","itemListElement":[{"@type":"ListItem","position":1,"name":"Startseite","item":"https:\/\/elektro-linden.com\/fr\/"},{"@type":"ListItem","position":2,"name":"Service client\u00e8le"}]},{"@type":"WebSite","@id":"https:\/\/elektro-linden.com\/#website","url":"https:\/\/elektro-linden.com\/","name":"Elektro Linden","description":"Ihr Elektropartner aus Ostbelgien","potentialAction":[{"@type":"SearchAction","target":{"@type":"EntryPoint","urlTemplate":"https:\/\/elektro-linden.com\/?s={search_term_string}"},"query-input":{"@type":"PropertyValueSpecification","valueRequired":true,"valueName":"search_term_string"}}],"inLanguage":"fr-FR"}]}},"_links":{"self":[{"href":"https:\/\/elektro-linden.com\/fr\/wp-json\/wp\/v2\/pages\/4386","targetHints":{"allow":["GET"]}}],"collection":[{"href":"https:\/\/elektro-linden.com\/fr\/wp-json\/wp\/v2\/pages"}],"about":[{"href":"https:\/\/elektro-linden.com\/fr\/wp-json\/wp\/v2\/types\/page"}],"author":[{"embeddable":true,"href":"https:\/\/elektro-linden.com\/fr\/wp-json\/wp\/v2\/users\/1"}],"replies":[{"embeddable":true,"href":"https:\/\/elektro-linden.com\/fr\/wp-json\/wp\/v2\/comments?post=4386"}],"version-history":[{"count":5,"href":"https:\/\/elektro-linden.com\/fr\/wp-json\/wp\/v2\/pages\/4386\/revisions"}],"predecessor-version":[{"id":4432,"href":"https:\/\/elektro-linden.com\/fr\/wp-json\/wp\/v2\/pages\/4386\/revisions\/4432"}],"wp:attachment":[{"href":"https:\/\/elektro-linden.com\/fr\/wp-json\/wp\/v2\/media?parent=4386"}],"curies":[{"name":"wp","href":"https:\/\/api.w.org\/{rel}","templated":true}]}}