{"id":4277,"date":"2019-11-11T09:07:37","date_gmt":"2019-11-11T09:07:37","guid":{"rendered":"https:\/\/elektro-linden.com\/produits-electriques\/sat-dvb-t\/"},"modified":"2024-04-23T07:48:28","modified_gmt":"2024-04-23T07:48:28","slug":"sat-dvb-t","status":"publish","type":"page","link":"https:\/\/elektro-linden.com\/fr\/produits-electriques\/sat-dvb-t\/","title":{"rendered":"Sat &amp; DVB-T"},"content":{"rendered":"<div id='av-layout-grid-1'  class='av-layout-grid-container av-4arp8l-eb06de261f380afc43411c72887bb822 entry-content-wrapper main_color av-flex-cells  avia-builder-el-0  el_before_av_textblock  avia-builder-el-first   container_wrap sidebar_right'  >\n\n<style type=\"text\/css\" data-created_by=\"avia_inline_auto\" id=\"style-css-av-2d1uat-287ddffcb0e183a7d9385e24eff67036\">\n.flex_cell.av-2d1uat-287ddffcb0e183a7d9385e24eff67036{\nvertical-align:middle;\n}\n.responsive #top #wrap_all .flex_cell.av-2d1uat-287ddffcb0e183a7d9385e24eff67036{\npadding:0 0 0 0 !important;\n}\n<\/style>\n<div class='flex_cell av-2d1uat-287ddffcb0e183a7d9385e24eff67036 av-gridrow-cell av_one_full no_margin  avia-builder-el-1  avia-builder-el-no-sibling  content-align-middle'  ><div class='flex_cell_inner'>\n<style type=\"text\/css\" data-created_by=\"avia_inline_auto\" id=\"style-css-av-jxn7hihp-7169d1f6f91018d015cf55c219def400\">\n.avia-image-container.av-jxn7hihp-7169d1f6f91018d015cf55c219def400 img.avia_image{\nbox-shadow:none;\n}\n.avia-image-container.av-jxn7hihp-7169d1f6f91018d015cf55c219def400 .av-image-caption-overlay-center{\ncolor:#ffffff;\n}\n<\/style>\n<div  class='avia-image-container av-jxn7hihp-7169d1f6f91018d015cf55c219def400 av-styling- avia-align-center  avia-builder-el-2  avia-builder-el-no-sibling '   itemprop=\"image\" itemscope=\"itemscope\" itemtype=\"https:\/\/schema.org\/ImageObject\" ><div class=\"avia-image-container-inner\"><div class=\"avia-image-overlay-wrap\"><img decoding=\"async\" fetchpriority=\"high\" class='wp-image-4213 avia-img-lazy-loading-not-4213 avia_image ' src=\"https:\/\/elektro-linden.com\/wp-content\/uploads\/2019\/07\/Elektro-linden-header-showroom-elektroprodukte.jpg\" alt='' title='Elektro-linden-header-showroom-elektroprodukte'  height=\"240\" width=\"1850\"  itemprop=\"thumbnailUrl\" srcset=\"https:\/\/elektro-linden.com\/wp-content\/uploads\/2019\/07\/Elektro-linden-header-showroom-elektroprodukte.jpg 1850w, https:\/\/elektro-linden.com\/wp-content\/uploads\/2019\/07\/Elektro-linden-header-showroom-elektroprodukte-300x39.jpg 300w, https:\/\/elektro-linden.com\/wp-content\/uploads\/2019\/07\/Elektro-linden-header-showroom-elektroprodukte-768x100.jpg 768w, https:\/\/elektro-linden.com\/wp-content\/uploads\/2019\/07\/Elektro-linden-header-showroom-elektroprodukte-1030x134.jpg 1030w, https:\/\/elektro-linden.com\/wp-content\/uploads\/2019\/07\/Elektro-linden-header-showroom-elektroprodukte-1500x195.jpg 1500w, https:\/\/elektro-linden.com\/wp-content\/uploads\/2019\/07\/Elektro-linden-header-showroom-elektroprodukte-705x91.jpg 705w, https:\/\/elektro-linden.com\/wp-content\/uploads\/2019\/07\/Elektro-linden-header-showroom-elektroprodukte-450x58.jpg 450w\" sizes=\"(max-width: 1850px) 100vw, 1850px\" \/><\/div><\/div><\/div>\n<\/div><\/div>\n<\/div><div id='after_grid_row_1'  class='main_color av_default_container_wrap container_wrap sidebar_right'  ><div class='container av-section-cont-open' ><div class='template-page content  av-content-small alpha units'><div class='post-entry post-entry-type-page post-entry-4277'><div class='entry-content-wrapper clearfix'>\n<section  class='av_textblock_section av-jxn7m4x0-2a8fdc3238e5046fa2c070977ab75fa4 '   itemscope=\"itemscope\" itemtype=\"https:\/\/schema.org\/CreativeWork\" ><div class='avia_textblock'  itemprop=\"text\" ><h2 style=\"text-align: center;\">Sat TV<\/h2>\n<\/div><\/section>\n<\/div><\/div><\/div><!-- close content main div --><\/div><\/div><div id='av-layout-grid-2'  class='av-layout-grid-container av-jxn2ohqi-50ef10e6674533db5aa6b0a10ad346a5 entry-content-wrapper main_color av-flex-cells  avia-builder-el-4  el_after_av_textblock  el_before_av_hr  grid-row-not-first  container_wrap sidebar_right'  >\n\n<style type=\"text\/css\" data-created_by=\"avia_inline_auto\" id=\"style-css-av-jxn2ox3v-acb9f51334480eed5a2dfb59cee496cb\">\n.flex_cell.av-jxn2ox3v-acb9f51334480eed5a2dfb59cee496cb{\nvertical-align:top;\n}\n.responsive #top #wrap_all .flex_cell.av-jxn2ox3v-acb9f51334480eed5a2dfb59cee496cb{\npadding:30px 30px 30px 30px !important;\n}\n<\/style>\n<div class='flex_cell av-jxn2ox3v-acb9f51334480eed5a2dfb59cee496cb av-gridrow-cell av_one_fourth no_margin  avia-builder-el-5  el_before_av_cell_one_fourth  avia-builder-el-first  content-align-top'  ><div class='flex_cell_inner'><\/div><\/div>\n<style type=\"text\/css\" data-created_by=\"avia_inline_auto\" id=\"style-css-av-qxi85-43729150342f906828ff93b45204dead\">\n.flex_cell.av-qxi85-43729150342f906828ff93b45204dead{\nvertical-align:top;\n}\n.responsive #top #wrap_all .flex_cell.av-qxi85-43729150342f906828ff93b45204dead{\npadding:30px 30px 30px 30px !important;\n}\n<\/style>\n<div class='flex_cell av-qxi85-43729150342f906828ff93b45204dead av-gridrow-cell av_one_fourth no_margin  avia-builder-el-6  el_after_av_cell_one_fourth  el_before_av_cell_one_fourth  content-align-top'  ><div class='flex_cell_inner'><p>\n<style type=\"text\/css\" data-created_by=\"avia_inline_auto\" id=\"style-css-av-av_heading-50b9080f277cee4275712669c94dd140\">\n#top .av-special-heading.av-av_heading-50b9080f277cee4275712669c94dd140{\npadding-bottom:10px;\n}\nbody .av-special-heading.av-av_heading-50b9080f277cee4275712669c94dd140 .av-special-heading-tag .heading-char{\nfont-size:25px;\n}\n.av-special-heading.av-av_heading-50b9080f277cee4275712669c94dd140 .av-subheading{\nfont-size:15px;\n}\n<\/style>\n<div  class='av-special-heading av-av_heading-50b9080f277cee4275712669c94dd140 av-special-heading-h3  avia-builder-el-7  el_before_av_image  avia-builder-el-first '><h3 class='av-special-heading-tag '  itemprop=\"headline\"  >TELESAT<\/h3><div class=\"special-heading-border\"><div class=\"special-heading-inner-border\"><\/div><\/div><\/div><br \/>\n\n<style type=\"text\/css\" data-created_by=\"avia_inline_auto\" id=\"style-css-av-jxn4u2hq-069a313089272ae2911410076f72021a\">\n.avia-image-container.av-jxn4u2hq-069a313089272ae2911410076f72021a img.avia_image{\nbox-shadow:none;\n}\n.avia-image-container.av-jxn4u2hq-069a313089272ae2911410076f72021a .av-image-caption-overlay-center{\ncolor:#ffffff;\n}\n<\/style>\n<div  class='avia-image-container av-jxn4u2hq-069a313089272ae2911410076f72021a av-styling- avia_animated_image av-animated-when-visible-95 pop-up avia-align-center  avia-builder-el-8  el_after_av_heading  el_before_av_textblock '   itemprop=\"image\" itemscope=\"itemscope\" itemtype=\"https:\/\/schema.org\/ImageObject\" ><div class=\"avia-image-container-inner\"><div class=\"avia-image-overlay-wrap\"><img decoding=\"async\" fetchpriority=\"high\" class='wp-image-4278 avia-img-lazy-loading-not-4278 avia_image ' src=\"https:\/\/elektro-linden.com\/wp-content\/uploads\/2019\/07\/Elektro-Linden-telesat.jpg\" alt='' title='Elektro-Linden-telesat'  height=\"260\" width=\"440\"  itemprop=\"thumbnailUrl\" srcset=\"https:\/\/elektro-linden.com\/wp-content\/uploads\/2019\/07\/Elektro-Linden-telesat.jpg 440w, https:\/\/elektro-linden.com\/wp-content\/uploads\/2019\/07\/Elektro-Linden-telesat-300x177.jpg 300w\" sizes=\"(max-width: 440px) 100vw, 440px\" \/><\/div><\/div><\/div><br \/>\n\n<style type=\"text\/css\" data-created_by=\"avia_inline_auto\" id=\"style-css-av-jxn4pe6y-c4f27d40af2792dfe80ff87589ff3725\">\n#top .av_textblock_section.av-jxn4pe6y-c4f27d40af2792dfe80ff87589ff3725 .avia_textblock{\nfont-size:15px;\n}\n<\/style>\n<section  class='av_textblock_section av-jxn4pe6y-c4f27d40af2792dfe80ff87589ff3725 '   itemscope=\"itemscope\" itemtype=\"https:\/\/schema.org\/CreativeWork\" ><div class='avia_textblock'  itemprop=\"text\" ><h4 class=\"list-entry-image left_float\">T\u00e9l\u00e9vision num\u00e9rique par satellite<\/h4>\n<div>Programmes wallons et fran\u00e7ais par satellite:<\/div>\n<\/div><\/section><br \/>\n<div  class='avia-button-wrap av-jxn4qa7g-3edb6cdb6b5fb3c2037852ab7f3f1662-wrap avia-button-left  avia-builder-el-10  el_after_av_textblock  avia-builder-el-last '><a href='https:\/\/www.telesat.be\/'  class='avia-button av-jxn4qa7g-3edb6cdb6b5fb3c2037852ab7f3f1662 av-link-btn avia-icon_select-yes-left-icon avia-size-medium avia-position-left av-button-notext avia-color-theme-color'  target=\"_blank\"  rel=\"noopener noreferrer\"  ><span class='avia_button_icon avia_button_icon_left avia-iconfont avia-font-entypo-fontello' data-av_icon='\ue859' data-av_iconfont='entypo-fontello' ><\/span><span class='avia_iconbox_title' ><\/span><\/a><\/div><\/p>\n<\/div><\/div>\n<style type=\"text\/css\" data-created_by=\"avia_inline_auto\" id=\"style-css-av-qxi85-43729150342f906828ff93b45204dead\">\n.flex_cell.av-qxi85-43729150342f906828ff93b45204dead{\nvertical-align:top;\n}\n.responsive #top #wrap_all .flex_cell.av-qxi85-43729150342f906828ff93b45204dead{\npadding:30px 30px 30px 30px !important;\n}\n<\/style>\n<div class='flex_cell av-qxi85-43729150342f906828ff93b45204dead av-gridrow-cell av_one_fourth no_margin  avia-builder-el-11  el_after_av_cell_one_fourth  el_before_av_cell_one_fourth  content-align-top'  ><div class='flex_cell_inner'><p>\n<style type=\"text\/css\" data-created_by=\"avia_inline_auto\" id=\"style-css-av-av_heading-f5427369c4d4dac4f521737c8f9578bf\">\n#top .av-special-heading.av-av_heading-f5427369c4d4dac4f521737c8f9578bf{\npadding-bottom:10px;\n}\nbody .av-special-heading.av-av_heading-f5427369c4d4dac4f521737c8f9578bf .av-special-heading-tag .heading-char{\nfont-size:25px;\n}\n.av-special-heading.av-av_heading-f5427369c4d4dac4f521737c8f9578bf .av-subheading{\nfont-size:15px;\n}\n<\/style>\n<div  class='av-special-heading av-av_heading-f5427369c4d4dac4f521737c8f9578bf av-special-heading-h3  avia-builder-el-12  el_before_av_image  avia-builder-el-first '><h3 class='av-special-heading-tag '  itemprop=\"headline\"  >TV VLAANDEREN<\/h3><div class=\"special-heading-border\"><div class=\"special-heading-inner-border\"><\/div><\/div><\/div><br \/>\n\n<style type=\"text\/css\" data-created_by=\"avia_inline_auto\" id=\"style-css-av-jxn4u2hq-23425e9f65e87623b9b494f165cb2916\">\n.avia-image-container.av-jxn4u2hq-23425e9f65e87623b9b494f165cb2916 img.avia_image{\nbox-shadow:none;\n}\n.avia-image-container.av-jxn4u2hq-23425e9f65e87623b9b494f165cb2916 .av-image-caption-overlay-center{\ncolor:#ffffff;\n}\n<\/style>\n<div  class='avia-image-container av-jxn4u2hq-23425e9f65e87623b9b494f165cb2916 av-styling- avia_animated_image av-animated-when-visible-95 pop-up avia-align-center  avia-builder-el-13  el_after_av_heading  el_before_av_textblock '   itemprop=\"image\" itemscope=\"itemscope\" itemtype=\"https:\/\/schema.org\/ImageObject\" ><div class=\"avia-image-container-inner\"><div class=\"avia-image-overlay-wrap\"><img decoding=\"async\" fetchpriority=\"high\" class='wp-image-4280 avia-img-lazy-loading-not-4280 avia_image ' src=\"https:\/\/elektro-linden.com\/wp-content\/uploads\/2019\/07\/Elektro-Linden-tvvlaanderen.jpg\" alt='' title='Elektro-Linden-tvvlaanderen'  height=\"260\" width=\"440\"  itemprop=\"thumbnailUrl\" srcset=\"https:\/\/elektro-linden.com\/wp-content\/uploads\/2019\/07\/Elektro-Linden-tvvlaanderen.jpg 440w, https:\/\/elektro-linden.com\/wp-content\/uploads\/2019\/07\/Elektro-Linden-tvvlaanderen-300x177.jpg 300w\" sizes=\"(max-width: 440px) 100vw, 440px\" \/><\/div><\/div><\/div><br \/>\n\n<style type=\"text\/css\" data-created_by=\"avia_inline_auto\" id=\"style-css-av-jxn4pe6y-c4f27d40af2792dfe80ff87589ff3725\">\n#top .av_textblock_section.av-jxn4pe6y-c4f27d40af2792dfe80ff87589ff3725 .avia_textblock{\nfont-size:15px;\n}\n<\/style>\n<section  class='av_textblock_section av-jxn4pe6y-c4f27d40af2792dfe80ff87589ff3725 '   itemscope=\"itemscope\" itemtype=\"https:\/\/schema.org\/CreativeWork\" ><div class='avia_textblock'  itemprop=\"text\" ><h4 class=\"list-entry-image left_float\">Programmes flamands et n\u00e9erlandais par satellite<\/h4>\n<\/div><\/section><br \/>\n<div  class='avia-button-wrap av-jxn4qa7g-2f877437cde427600b0cbb56ecede170-wrap avia-button-left  avia-builder-el-15  el_after_av_textblock  avia-builder-el-last '><a href='https:\/\/www.tv-vlaanderen.be\/'  class='avia-button av-jxn4qa7g-2f877437cde427600b0cbb56ecede170 av-link-btn avia-icon_select-yes-left-icon avia-size-medium avia-position-left av-button-notext avia-color-theme-color'  target=\"_blank\"  rel=\"noopener noreferrer\"  ><span class='avia_button_icon avia_button_icon_left avia-iconfont avia-font-entypo-fontello' data-av_icon='\ue859' data-av_iconfont='entypo-fontello' ><\/span><span class='avia_iconbox_title' ><\/span><\/a><\/div><\/p>\n<\/div><\/div>\n<style type=\"text\/css\" data-created_by=\"avia_inline_auto\" id=\"style-css-av-qxi85-43729150342f906828ff93b45204dead\">\n.flex_cell.av-qxi85-43729150342f906828ff93b45204dead{\nvertical-align:top;\n}\n.responsive #top #wrap_all .flex_cell.av-qxi85-43729150342f906828ff93b45204dead{\npadding:30px 30px 30px 30px !important;\n}\n<\/style>\n<div class='flex_cell av-qxi85-43729150342f906828ff93b45204dead av-gridrow-cell av_one_fourth no_margin  avia-builder-el-16  el_after_av_cell_one_fourth  avia-builder-el-last  content-align-top'  ><div class='flex_cell_inner'><\/div><\/div><\/div><div id='after_grid_row_2'  class='main_color av_default_container_wrap container_wrap sidebar_right'  ><div class='container av-section-cont-open' ><div class='template-page content  av-content-small alpha units'><div class='post-entry post-entry-type-page post-entry-4277'><div class='entry-content-wrapper clearfix'>\n<style type=\"text\/css\" data-created_by=\"avia_inline_auto\" id=\"style-css-av-jxn79w9i-b792d6cc10916176deab11904fad14b2\">\n#top .hr.hr-invisible.av-jxn79w9i-b792d6cc10916176deab11904fad14b2{\nheight:75px;\n}\n<\/style>\n<div  class='hr av-jxn79w9i-b792d6cc10916176deab11904fad14b2 hr-invisible  avia-builder-el-17  el_after_av_layout_row  el_before_av_textblock  avia-builder-el-first '><span class='hr-inner '><span class=\"hr-inner-style\"><\/span><\/span><\/div><\/p>\n<section  class='av_textblock_section av-jxn7m4x0-2a8fdc3238e5046fa2c070977ab75fa4 '   itemscope=\"itemscope\" itemtype=\"https:\/\/schema.org\/CreativeWork\" ><div class='avia_textblock'  itemprop=\"text\" ><h2 style=\"text-align: center;\">Sat INTERNET<\/h2>\n<\/div><\/section>\n<\/div><\/div><\/div><!-- close content main div --><\/div><\/div><div id='av-layout-grid-3'  class='av-layout-grid-container av-jxn2ohqi-50ef10e6674533db5aa6b0a10ad346a5 entry-content-wrapper main_color av-flex-cells  avia-builder-el-19  el_after_av_textblock  avia-builder-el-last  grid-row-not-first  container_wrap sidebar_right'  >\n\n<style type=\"text\/css\" data-created_by=\"avia_inline_auto\" id=\"style-css-av-jxn2ox3v-acb9f51334480eed5a2dfb59cee496cb\">\n.flex_cell.av-jxn2ox3v-acb9f51334480eed5a2dfb59cee496cb{\nvertical-align:top;\n}\n.responsive #top #wrap_all .flex_cell.av-jxn2ox3v-acb9f51334480eed5a2dfb59cee496cb{\npadding:30px 30px 30px 30px !important;\n}\n<\/style>\n<div class='flex_cell av-jxn2ox3v-acb9f51334480eed5a2dfb59cee496cb av-gridrow-cell av_one_fourth no_margin  avia-builder-el-20  el_before_av_cell_one_fourth  avia-builder-el-first  content-align-top'  ><div class='flex_cell_inner'><\/div><\/div>\n<style type=\"text\/css\" data-created_by=\"avia_inline_auto\" id=\"style-css-av-jxn2ox3v-acb9f51334480eed5a2dfb59cee496cb\">\n.flex_cell.av-jxn2ox3v-acb9f51334480eed5a2dfb59cee496cb{\nvertical-align:top;\n}\n.responsive #top #wrap_all .flex_cell.av-jxn2ox3v-acb9f51334480eed5a2dfb59cee496cb{\npadding:30px 30px 30px 30px !important;\n}\n<\/style>\n<div class='flex_cell av-jxn2ox3v-acb9f51334480eed5a2dfb59cee496cb av-gridrow-cell av_one_fourth no_margin  avia-builder-el-21  el_after_av_cell_one_fourth  el_before_av_cell_one_fourth  content-align-top'  ><div class='flex_cell_inner'><p>\n<style type=\"text\/css\" data-created_by=\"avia_inline_auto\" id=\"style-css-av-lvc32ujr-d4aaa5c0e7a11a21bc0652d95e910d2c\">\n#top .av-special-heading.av-lvc32ujr-d4aaa5c0e7a11a21bc0652d95e910d2c{\npadding-bottom:10px;\n}\nbody .av-special-heading.av-lvc32ujr-d4aaa5c0e7a11a21bc0652d95e910d2c .av-special-heading-tag .heading-char{\nfont-size:25px;\n}\n.av-special-heading.av-lvc32ujr-d4aaa5c0e7a11a21bc0652d95e910d2c .av-subheading{\nfont-size:15px;\n}\n<\/style>\n<div  class='av-special-heading av-lvc32ujr-d4aaa5c0e7a11a21bc0652d95e910d2c av-special-heading-h3  avia-builder-el-22  el_before_av_image  avia-builder-el-first  av-linked-heading'><h3 class='av-special-heading-tag '  itemprop=\"headline\"  >TCHAMBA<\/h3><div class=\"special-heading-border\"><div class=\"special-heading-inner-border\"><\/div><\/div><\/div><br \/>\n\n<style type=\"text\/css\" data-created_by=\"avia_inline_auto\" id=\"style-css-av-lvc33kq8-fa4e8c5d14fb81e85b05fc169efd7bef\">\n.avia-image-container.av-lvc33kq8-fa4e8c5d14fb81e85b05fc169efd7bef img.avia_image{\nbox-shadow:none;\n}\n.avia-image-container.av-lvc33kq8-fa4e8c5d14fb81e85b05fc169efd7bef .av-image-caption-overlay-center{\ncolor:#ffffff;\n}\n<\/style>\n<div  class='avia-image-container av-lvc33kq8-fa4e8c5d14fb81e85b05fc169efd7bef av-styling- av-img-linked avia_animated_image av-animated-when-visible-95 pop-up avia-align-center  avia-builder-el-23  el_after_av_heading  el_before_av_button '   itemprop=\"image\" itemscope=\"itemscope\" itemtype=\"https:\/\/schema.org\/ImageObject\" ><div class=\"avia-image-container-inner\"><div class=\"avia-image-overlay-wrap\"><a href=\"https:\/\/tchamba.be\/fr\/\" class='avia_image '  aria-label='Bildschirmfoto 2024-04-23 um 09.02.48'><img decoding=\"async\" fetchpriority=\"high\" class='wp-image-4901 avia-img-lazy-loading-not-4901 avia_image ' src=\"https:\/\/elektro-linden.com\/wp-content\/uploads\/2024\/04\/Bildschirmfoto-2024-04-23-um-09.02.48.png\" alt='' title='Bildschirmfoto 2024-04-23 um 09.02.48'  height=\"264\" width=\"484\"  itemprop=\"thumbnailUrl\" srcset=\"https:\/\/elektro-linden.com\/wp-content\/uploads\/2024\/04\/Bildschirmfoto-2024-04-23-um-09.02.48.png 484w, https:\/\/elektro-linden.com\/wp-content\/uploads\/2024\/04\/Bildschirmfoto-2024-04-23-um-09.02.48-300x164.png 300w\" sizes=\"(max-width: 484px) 100vw, 484px\" \/><\/a><\/div><\/div><\/div><br \/>\n<div  class='avia-button-wrap av-jxn4qa7g-cf6754c7e16fd19b905707fbd1b72cc6-wrap avia-button-left  avia-builder-el-24  el_after_av_image  avia-builder-el-last '><a href='https:\/\/tchamba.be\/fr\/'  class='avia-button av-jxn4qa7g-cf6754c7e16fd19b905707fbd1b72cc6 av-link-btn avia-icon_select-yes-left-icon avia-size-medium avia-position-left av-button-notext avia-color-theme-color'  target=\"_blank\"  rel=\"noopener noreferrer\"  ><span class='avia_button_icon avia_button_icon_left avia-iconfont avia-font-entypo-fontello' data-av_icon='\ue859' data-av_iconfont='entypo-fontello' ><\/span><span class='avia_iconbox_title' ><\/span><\/a><\/div><\/p>\n<\/div><\/div>\n<style type=\"text\/css\" data-created_by=\"avia_inline_auto\" id=\"style-css-av-qxi85-43729150342f906828ff93b45204dead\">\n.flex_cell.av-qxi85-43729150342f906828ff93b45204dead{\nvertical-align:top;\n}\n.responsive #top #wrap_all .flex_cell.av-qxi85-43729150342f906828ff93b45204dead{\npadding:30px 30px 30px 30px !important;\n}\n<\/style>\n<div class='flex_cell av-qxi85-43729150342f906828ff93b45204dead av-gridrow-cell av_one_fourth no_margin  avia-builder-el-25  el_after_av_cell_one_fourth  el_before_av_cell_one_fourth  content-align-top'  ><div class='flex_cell_inner'><\/div><\/div>\n<style type=\"text\/css\" data-created_by=\"avia_inline_auto\" id=\"style-css-av-2t26re-f11b3bd8cb8630f0cf2f407c66a6e8fe\">\n.flex_cell.av-2t26re-f11b3bd8cb8630f0cf2f407c66a6e8fe{\nvertical-align:top;\n}\n.responsive #top #wrap_all .flex_cell.av-2t26re-f11b3bd8cb8630f0cf2f407c66a6e8fe{\npadding:30px 30px 30px 30px !important;\n}\n<\/style>\n<div class='flex_cell av-2t26re-f11b3bd8cb8630f0cf2f407c66a6e8fe av-gridrow-cell av_one_fourth no_margin  avia-builder-el-26  el_after_av_cell_one_fourth  avia-builder-el-last  content-align-top'  ><div class='flex_cell_inner'><\/div><\/div><\/div>\n","protected":false},"excerpt":{"rendered":"","protected":false},"author":1,"featured_media":0,"parent":4212,"menu_order":0,"comment_status":"closed","ping_status":"closed","template":"","meta":{"_monsterinsights_skip_tracking":false,"_monsterinsights_sitenote_active":false,"_monsterinsights_sitenote_note":"","_monsterinsights_sitenote_category":0,"footnotes":""},"class_list":["post-4277","page","type-page","status-publish","hentry"],"yoast_head":"<!-- This site is optimized with the Yoast SEO plugin v27.5 - https:\/\/yoast.com\/product\/yoast-seo-wordpress\/ -->\n<title>Sat &amp; DVB-T - Elektro Linden<\/title>\n<meta name=\"robots\" content=\"index, follow, max-snippet:-1, max-image-preview:large, max-video-preview:-1\" \/>\n<link rel=\"canonical\" href=\"https:\/\/elektro-linden.com\/fr\/produits-electriques\/sat-dvb-t\/\" \/>\n<meta property=\"og:locale\" content=\"fr_FR\" \/>\n<meta property=\"og:type\" content=\"article\" \/>\n<meta property=\"og:title\" content=\"Sat &amp; DVB-T - Elektro Linden\" \/>\n<meta property=\"og:url\" content=\"https:\/\/elektro-linden.com\/fr\/produits-electriques\/sat-dvb-t\/\" \/>\n<meta property=\"og:site_name\" content=\"Elektro Linden\" \/>\n<meta property=\"article:modified_time\" content=\"2024-04-23T07:48:28+00:00\" \/>\n<meta name=\"twitter:card\" content=\"summary_large_image\" \/>\n<meta name=\"twitter:label1\" content=\"Dur\u00e9e de lecture estim\u00e9e\" \/>\n\t<meta name=\"twitter:data1\" content=\"1 minute\" \/>\n<script type=\"application\/ld+json\" class=\"yoast-schema-graph\">{\"@context\":\"https:\\\/\\\/schema.org\",\"@graph\":[{\"@type\":\"WebPage\",\"@id\":\"https:\\\/\\\/elektro-linden.com\\\/fr\\\/produits-electriques\\\/sat-dvb-t\\\/\",\"url\":\"https:\\\/\\\/elektro-linden.com\\\/fr\\\/produits-electriques\\\/sat-dvb-t\\\/\",\"name\":\"Sat &amp; DVB-T - Elektro Linden\",\"isPartOf\":{\"@id\":\"https:\\\/\\\/elektro-linden.com\\\/#website\"},\"datePublished\":\"2019-11-11T09:07:37+00:00\",\"dateModified\":\"2024-04-23T07:48:28+00:00\",\"breadcrumb\":{\"@id\":\"https:\\\/\\\/elektro-linden.com\\\/fr\\\/produits-electriques\\\/sat-dvb-t\\\/#breadcrumb\"},\"inLanguage\":\"fr-FR\",\"potentialAction\":[{\"@type\":\"ReadAction\",\"target\":[\"https:\\\/\\\/elektro-linden.com\\\/fr\\\/produits-electriques\\\/sat-dvb-t\\\/\"]}]},{\"@type\":\"BreadcrumbList\",\"@id\":\"https:\\\/\\\/elektro-linden.com\\\/fr\\\/produits-electriques\\\/sat-dvb-t\\\/#breadcrumb\",\"itemListElement\":[{\"@type\":\"ListItem\",\"position\":1,\"name\":\"Startseite\",\"item\":\"https:\\\/\\\/elektro-linden.com\\\/fr\\\/\"},{\"@type\":\"ListItem\",\"position\":2,\"name\":\"Produits \u00e9lectriques\",\"item\":\"https:\\\/\\\/elektro-linden.com\\\/fr\\\/produits-electriques\\\/\"},{\"@type\":\"ListItem\",\"position\":3,\"name\":\"Sat &amp; DVB-T\"}]},{\"@type\":\"WebSite\",\"@id\":\"https:\\\/\\\/elektro-linden.com\\\/#website\",\"url\":\"https:\\\/\\\/elektro-linden.com\\\/\",\"name\":\"Elektro Linden\",\"description\":\"Ihr Elektropartner aus Ostbelgien\",\"potentialAction\":[{\"@type\":\"SearchAction\",\"target\":{\"@type\":\"EntryPoint\",\"urlTemplate\":\"https:\\\/\\\/elektro-linden.com\\\/?s={search_term_string}\"},\"query-input\":{\"@type\":\"PropertyValueSpecification\",\"valueRequired\":true,\"valueName\":\"search_term_string\"}}],\"inLanguage\":\"fr-FR\"}]}<\/script>\n<!-- \/ Yoast SEO plugin. -->","yoast_head_json":{"title":"Sat &amp; DVB-T - Elektro Linden","robots":{"index":"index","follow":"follow","max-snippet":"max-snippet:-1","max-image-preview":"max-image-preview:large","max-video-preview":"max-video-preview:-1"},"canonical":"https:\/\/elektro-linden.com\/fr\/produits-electriques\/sat-dvb-t\/","og_locale":"fr_FR","og_type":"article","og_title":"Sat &amp; DVB-T - Elektro Linden","og_url":"https:\/\/elektro-linden.com\/fr\/produits-electriques\/sat-dvb-t\/","og_site_name":"Elektro Linden","article_modified_time":"2024-04-23T07:48:28+00:00","twitter_card":"summary_large_image","twitter_misc":{"Dur\u00e9e de lecture estim\u00e9e":"1 minute"},"schema":{"@context":"https:\/\/schema.org","@graph":[{"@type":"WebPage","@id":"https:\/\/elektro-linden.com\/fr\/produits-electriques\/sat-dvb-t\/","url":"https:\/\/elektro-linden.com\/fr\/produits-electriques\/sat-dvb-t\/","name":"Sat &amp; DVB-T - Elektro Linden","isPartOf":{"@id":"https:\/\/elektro-linden.com\/#website"},"datePublished":"2019-11-11T09:07:37+00:00","dateModified":"2024-04-23T07:48:28+00:00","breadcrumb":{"@id":"https:\/\/elektro-linden.com\/fr\/produits-electriques\/sat-dvb-t\/#breadcrumb"},"inLanguage":"fr-FR","potentialAction":[{"@type":"ReadAction","target":["https:\/\/elektro-linden.com\/fr\/produits-electriques\/sat-dvb-t\/"]}]},{"@type":"BreadcrumbList","@id":"https:\/\/elektro-linden.com\/fr\/produits-electriques\/sat-dvb-t\/#breadcrumb","itemListElement":[{"@type":"ListItem","position":1,"name":"Startseite","item":"https:\/\/elektro-linden.com\/fr\/"},{"@type":"ListItem","position":2,"name":"Produits \u00e9lectriques","item":"https:\/\/elektro-linden.com\/fr\/produits-electriques\/"},{"@type":"ListItem","position":3,"name":"Sat &amp; DVB-T"}]},{"@type":"WebSite","@id":"https:\/\/elektro-linden.com\/#website","url":"https:\/\/elektro-linden.com\/","name":"Elektro Linden","description":"Ihr Elektropartner aus Ostbelgien","potentialAction":[{"@type":"SearchAction","target":{"@type":"EntryPoint","urlTemplate":"https:\/\/elektro-linden.com\/?s={search_term_string}"},"query-input":{"@type":"PropertyValueSpecification","valueRequired":true,"valueName":"search_term_string"}}],"inLanguage":"fr-FR"}]}},"_links":{"self":[{"href":"https:\/\/elektro-linden.com\/fr\/wp-json\/wp\/v2\/pages\/4277","targetHints":{"allow":["GET"]}}],"collection":[{"href":"https:\/\/elektro-linden.com\/fr\/wp-json\/wp\/v2\/pages"}],"about":[{"href":"https:\/\/elektro-linden.com\/fr\/wp-json\/wp\/v2\/types\/page"}],"author":[{"embeddable":true,"href":"https:\/\/elektro-linden.com\/fr\/wp-json\/wp\/v2\/users\/1"}],"replies":[{"embeddable":true,"href":"https:\/\/elektro-linden.com\/fr\/wp-json\/wp\/v2\/comments?post=4277"}],"version-history":[{"count":4,"href":"https:\/\/elektro-linden.com\/fr\/wp-json\/wp\/v2\/pages\/4277\/revisions"}],"predecessor-version":[{"id":4667,"href":"https:\/\/elektro-linden.com\/fr\/wp-json\/wp\/v2\/pages\/4277\/revisions\/4667"}],"up":[{"embeddable":true,"href":"https:\/\/elektro-linden.com\/fr\/wp-json\/wp\/v2\/pages\/4212"}],"wp:attachment":[{"href":"https:\/\/elektro-linden.com\/fr\/wp-json\/wp\/v2\/media?parent=4277"}],"curies":[{"name":"wp","href":"https:\/\/api.w.org\/{rel}","templated":true}]}}