{"id":4275,"date":"2019-11-11T09:02:43","date_gmt":"2019-11-11T09:02:43","guid":{"rendered":"https:\/\/elektro-linden.com\/produits-electriques\/eclairage\/"},"modified":"2019-11-21T10:39:28","modified_gmt":"2019-11-21T10:39:28","slug":"eclairage","status":"publish","type":"page","link":"https:\/\/elektro-linden.com\/fr\/produits-electriques\/eclairage\/","title":{"rendered":"Eclairage"},"content":{"rendered":"<div id='av-layout-grid-1'  class='av-layout-grid-container av-4arp8l-eb06de261f380afc43411c72887bb822 entry-content-wrapper main_color av-flex-cells  avia-builder-el-0  el_before_av_textblock  avia-builder-el-first   container_wrap sidebar_right'  >\n\n<style type=\"text\/css\" data-created_by=\"avia_inline_auto\" id=\"style-css-av-2d1uat-287ddffcb0e183a7d9385e24eff67036\">\n.flex_cell.av-2d1uat-287ddffcb0e183a7d9385e24eff67036{\nvertical-align:middle;\n}\n.responsive #top #wrap_all .flex_cell.av-2d1uat-287ddffcb0e183a7d9385e24eff67036{\npadding:0 0 0 0 !important;\n}\n<\/style>\n<div class='flex_cell av-2d1uat-287ddffcb0e183a7d9385e24eff67036 av-gridrow-cell av_one_full no_margin  avia-builder-el-1  avia-builder-el-no-sibling  content-align-middle'  ><div class='flex_cell_inner'>\n<style type=\"text\/css\" data-created_by=\"avia_inline_auto\" id=\"style-css-av-jxn7hihp-bf5632ac1d9eee4f868c26a6fcb4f44a\">\n.avia-image-container.av-jxn7hihp-bf5632ac1d9eee4f868c26a6fcb4f44a img.avia_image{\nbox-shadow:none;\n}\n.avia-image-container.av-jxn7hihp-bf5632ac1d9eee4f868c26a6fcb4f44a .av-image-caption-overlay-center{\ncolor:#ffffff;\n}\n<\/style>\n<div  class='avia-image-container av-jxn7hihp-bf5632ac1d9eee4f868c26a6fcb4f44a av-styling- avia-align-center  avia-builder-el-2  avia-builder-el-no-sibling '   itemprop=\"image\" itemscope=\"itemscope\" itemtype=\"https:\/\/schema.org\/ImageObject\" ><div class=\"avia-image-container-inner\"><div class=\"avia-image-overlay-wrap\"><img decoding=\"async\" fetchpriority=\"high\" class='wp-image-4217 avia-img-lazy-loading-not-4217 avia_image ' src=\"https:\/\/elektro-linden.com\/wp-content\/uploads\/2019\/07\/elektro-Linden-header-01.jpg\" alt='' title='elektro-Linden-header-01'  height=\"240\" width=\"1850\"  itemprop=\"thumbnailUrl\" srcset=\"https:\/\/elektro-linden.com\/wp-content\/uploads\/2019\/07\/elektro-Linden-header-01.jpg 1850w, https:\/\/elektro-linden.com\/wp-content\/uploads\/2019\/07\/elektro-Linden-header-01-300x39.jpg 300w, https:\/\/elektro-linden.com\/wp-content\/uploads\/2019\/07\/elektro-Linden-header-01-768x100.jpg 768w, https:\/\/elektro-linden.com\/wp-content\/uploads\/2019\/07\/elektro-Linden-header-01-1030x134.jpg 1030w, https:\/\/elektro-linden.com\/wp-content\/uploads\/2019\/07\/elektro-Linden-header-01-1500x195.jpg 1500w, https:\/\/elektro-linden.com\/wp-content\/uploads\/2019\/07\/elektro-Linden-header-01-705x91.jpg 705w, https:\/\/elektro-linden.com\/wp-content\/uploads\/2019\/07\/elektro-Linden-header-01-450x58.jpg 450w\" sizes=\"(max-width: 1850px) 100vw, 1850px\" \/><\/div><\/div><\/div>\n<\/div><\/div>\n<\/div><div id='after_grid_row_1'  class='main_color av_default_container_wrap container_wrap sidebar_right'  ><div class='container av-section-cont-open' ><div class='template-page content  av-content-small alpha units'><div class='post-entry post-entry-type-page post-entry-4275'><div class='entry-content-wrapper clearfix'>\n<section  class='av_textblock_section av-jxn7m4x0-2a8fdc3238e5046fa2c070977ab75fa4 '   itemscope=\"itemscope\" itemtype=\"https:\/\/schema.org\/CreativeWork\" ><div class='avia_textblock'  itemprop=\"text\" ><h2 style=\"text-align: center;\">Eclairage<\/h2>\n<\/div><\/section>\n\n<style type=\"text\/css\" data-created_by=\"avia_inline_auto\" id=\"style-css-av-jxn79w9i-b792d6cc10916176deab11904fad14b2\">\n#top .hr.hr-invisible.av-jxn79w9i-b792d6cc10916176deab11904fad14b2{\nheight:75px;\n}\n<\/style>\n<div  class='hr av-jxn79w9i-b792d6cc10916176deab11904fad14b2 hr-invisible  avia-builder-el-4  el_after_av_textblock  el_before_av_layout_row  avia-builder-el-last '><span class='hr-inner '><span class=\"hr-inner-style\"><\/span><\/span><\/div>\n<\/div><\/div><\/div><!-- close content main div --><\/div><\/div><div id='av-layout-grid-2'  class='av-layout-grid-container av-jxn2ohqi-50ef10e6674533db5aa6b0a10ad346a5 entry-content-wrapper main_color av-flex-cells  avia-builder-el-5  el_after_av_hr  avia-builder-el-last  grid-row-not-first  container_wrap sidebar_right'  >\n\n<style type=\"text\/css\" data-created_by=\"avia_inline_auto\" id=\"style-css-av-jxn2ox3v-acb9f51334480eed5a2dfb59cee496cb\">\n.flex_cell.av-jxn2ox3v-acb9f51334480eed5a2dfb59cee496cb{\nvertical-align:top;\n}\n.responsive #top #wrap_all .flex_cell.av-jxn2ox3v-acb9f51334480eed5a2dfb59cee496cb{\npadding:30px 30px 30px 30px !important;\n}\n<\/style>\n<div class='flex_cell av-jxn2ox3v-acb9f51334480eed5a2dfb59cee496cb av-gridrow-cell av_one_third no_margin  avia-builder-el-6  el_before_av_cell_one_third  avia-builder-el-first  content-align-top'  ><div class='flex_cell_inner'><p>\n<style type=\"text\/css\" data-created_by=\"avia_inline_auto\" id=\"style-css-av-av_heading-50c4b2d00733f0b87dc2ab73a4c8bd31\">\n#top .av-special-heading.av-av_heading-50c4b2d00733f0b87dc2ab73a4c8bd31{\npadding-bottom:10px;\n}\nbody .av-special-heading.av-av_heading-50c4b2d00733f0b87dc2ab73a4c8bd31 .av-special-heading-tag .heading-char{\nfont-size:25px;\n}\n.av-special-heading.av-av_heading-50c4b2d00733f0b87dc2ab73a4c8bd31 .av-subheading{\nfont-size:15px;\n}\n<\/style>\n<div  class='av-special-heading av-av_heading-50c4b2d00733f0b87dc2ab73a4c8bd31 av-special-heading-h3  avia-builder-el-7  el_before_av_image  avia-builder-el-first '><h3 class='av-special-heading-tag '  itemprop=\"headline\"  >\u00c9clairage d\u00e9coratif<\/h3><div class=\"special-heading-border\"><div class=\"special-heading-inner-border\"><\/div><\/div><\/div><br \/>\n\n<style type=\"text\/css\" data-created_by=\"avia_inline_auto\" id=\"style-css-av-jxn4u2hq-35a1dc1c05b385e2f987b43ffb3c4ce8\">\n.avia-image-container.av-jxn4u2hq-35a1dc1c05b385e2f987b43ffb3c4ce8 img.avia_image{\nbox-shadow:none;\n}\n.avia-image-container.av-jxn4u2hq-35a1dc1c05b385e2f987b43ffb3c4ce8 .av-image-caption-overlay-center{\ncolor:#ffffff;\n}\n<\/style>\n<div  class='avia-image-container av-jxn4u2hq-35a1dc1c05b385e2f987b43ffb3c4ce8 av-styling- avia_animated_image av-animated-when-visible-95 pop-up avia-align-center  avia-builder-el-8  el_after_av_heading  el_before_av_textblock '   itemprop=\"image\" itemscope=\"itemscope\" itemtype=\"https:\/\/schema.org\/ImageObject\" ><div class=\"avia-image-container-inner\"><div class=\"avia-image-overlay-wrap\"><img decoding=\"async\" fetchpriority=\"high\" class='wp-image-4225 avia-img-lazy-loading-not-4225 avia_image ' src=\"https:\/\/elektro-linden.com\/wp-content\/uploads\/2019\/07\/Elektro-Linden-dekoleuchte.jpg\" alt='' title='Elektro-Linden-dekoleuchte'  height=\"260\" width=\"440\"  itemprop=\"thumbnailUrl\" srcset=\"https:\/\/elektro-linden.com\/wp-content\/uploads\/2019\/07\/Elektro-Linden-dekoleuchte.jpg 440w, https:\/\/elektro-linden.com\/wp-content\/uploads\/2019\/07\/Elektro-Linden-dekoleuchte-300x177.jpg 300w\" sizes=\"(max-width: 440px) 100vw, 440px\" \/><\/div><\/div><\/div><br \/>\n\n<style type=\"text\/css\" data-created_by=\"avia_inline_auto\" id=\"style-css-av-jxn4pe6y-c4f27d40af2792dfe80ff87589ff3725\">\n#top .av_textblock_section.av-jxn4pe6y-c4f27d40af2792dfe80ff87589ff3725 .avia_textblock{\nfont-size:15px;\n}\n<\/style>\n<section  class='av_textblock_section av-jxn4pe6y-c4f27d40af2792dfe80ff87589ff3725 '   itemscope=\"itemscope\" itemtype=\"https:\/\/schema.org\/CreativeWork\" ><div class='avia_textblock'  itemprop=\"text\" ><p>Dans notre showroom, vous trouverez un grand choix d&rsquo;\u00e9clairage int\u00e9rieur et ext\u00e9rieur. Voici quelques liens vers des fabricants &#8211; fournisseurs:<\/p>\n<p><a href=\"https:\/\/www.eglo.com\/fr_be\/\" target=\"_blank\" rel=\"noopener noreferrer\">EGLO<\/a> &#8211; <a href=\"http:\/\/www.lighton.be\/\" target=\"_blank\" rel=\"noopener noreferrer\">LIGHT ON<\/a> &#8211; <a href=\"https:\/\/www.nordlux.fr\/?geo=true\" target=\"_blank\" rel=\"noopener noreferrer\">NORDLUX<\/a> &#8211; <a href=\"https:\/\/niederau.be\/fr\/\" target=\"_blank\" rel=\"noopener noreferrer\">NIEDERAU<\/a> &#8211; <a href=\"https:\/\/www.slv.cloud\/be_fr\/\" target=\"_blank\" rel=\"noopener noreferrer\">SLV<\/a><\/p>\n<\/div><\/section><\/p>\n<\/div><\/div>\n<style type=\"text\/css\" data-created_by=\"avia_inline_auto\" id=\"style-css-av-qxi85-43729150342f906828ff93b45204dead\">\n.flex_cell.av-qxi85-43729150342f906828ff93b45204dead{\nvertical-align:top;\n}\n.responsive #top #wrap_all .flex_cell.av-qxi85-43729150342f906828ff93b45204dead{\npadding:30px 30px 30px 30px !important;\n}\n<\/style>\n<div class='flex_cell av-qxi85-43729150342f906828ff93b45204dead av-gridrow-cell av_one_third no_margin  avia-builder-el-10  el_after_av_cell_one_third  el_before_av_cell_one_third  content-align-top'  ><div class='flex_cell_inner'><p>\n<style type=\"text\/css\" data-created_by=\"avia_inline_auto\" id=\"style-css-av-av_heading-b50df317866c76dec84902b6cae0b989\">\n#top .av-special-heading.av-av_heading-b50df317866c76dec84902b6cae0b989{\npadding-bottom:10px;\n}\nbody .av-special-heading.av-av_heading-b50df317866c76dec84902b6cae0b989 .av-special-heading-tag .heading-char{\nfont-size:25px;\n}\n.av-special-heading.av-av_heading-b50df317866c76dec84902b6cae0b989 .av-subheading{\nfont-size:15px;\n}\n<\/style>\n<div  class='av-special-heading av-av_heading-b50df317866c76dec84902b6cae0b989 av-special-heading-h3  avia-builder-el-11  el_before_av_image  avia-builder-el-first '><h3 class='av-special-heading-tag '  itemprop=\"headline\"  >Eclairage ext\u00e9rieur<\/h3><div class=\"special-heading-border\"><div class=\"special-heading-inner-border\"><\/div><\/div><\/div><br \/>\n\n<style type=\"text\/css\" data-created_by=\"avia_inline_auto\" id=\"style-css-av-jxn4u2hq-6f2e7cf10a60ca96700bda13c4fafdf3\">\n.avia-image-container.av-jxn4u2hq-6f2e7cf10a60ca96700bda13c4fafdf3 img.avia_image{\nbox-shadow:none;\n}\n.avia-image-container.av-jxn4u2hq-6f2e7cf10a60ca96700bda13c4fafdf3 .av-image-caption-overlay-center{\ncolor:#ffffff;\n}\n<\/style>\n<div  class='avia-image-container av-jxn4u2hq-6f2e7cf10a60ca96700bda13c4fafdf3 av-styling- avia_animated_image av-animated-when-visible-95 pop-up avia-align-center  avia-builder-el-12  el_after_av_heading  el_before_av_textblock '   itemprop=\"image\" itemscope=\"itemscope\" itemtype=\"https:\/\/schema.org\/ImageObject\" ><div class=\"avia-image-container-inner\"><div class=\"avia-image-overlay-wrap\"><img decoding=\"async\" fetchpriority=\"high\" class='wp-image-4223 avia-img-lazy-loading-not-4223 avia_image ' src=\"https:\/\/elektro-linden.com\/wp-content\/uploads\/2019\/07\/Elektro-Linden-aussenbeleuchtung.jpg\" alt='' title='Elektro-Linden-aussenbeleuchtung'  height=\"260\" width=\"440\"  itemprop=\"thumbnailUrl\" srcset=\"https:\/\/elektro-linden.com\/wp-content\/uploads\/2019\/07\/Elektro-Linden-aussenbeleuchtung.jpg 440w, https:\/\/elektro-linden.com\/wp-content\/uploads\/2019\/07\/Elektro-Linden-aussenbeleuchtung-300x177.jpg 300w\" sizes=\"(max-width: 440px) 100vw, 440px\" \/><\/div><\/div><\/div><br \/>\n\n<style type=\"text\/css\" data-created_by=\"avia_inline_auto\" id=\"style-css-av-jxn4pe6y-c4f27d40af2792dfe80ff87589ff3725\">\n#top .av_textblock_section.av-jxn4pe6y-c4f27d40af2792dfe80ff87589ff3725 .avia_textblock{\nfont-size:15px;\n}\n<\/style>\n<section  class='av_textblock_section av-jxn4pe6y-c4f27d40af2792dfe80ff87589ff3725 '   itemscope=\"itemscope\" itemtype=\"https:\/\/schema.org\/CreativeWork\" ><div class='avia_textblock'  itemprop=\"text\" ><p>Nous vendons diff\u00e9rentes marques et saveurs pour l&rsquo;\u00e9clairage ext\u00e9rieur.<\/p>\n<p>Certains de nos fournisseurs:<\/p>\n<p><a href=\"http:\/\/www.lighton.be\/\" target=\"_blank\" rel=\"noopener noreferrer\">LIGHT ON<\/a> &#8211; <a href=\"https:\/\/www.eglo.com\/fr_be\/luminaires-exterieurs.html\" target=\"_blank\" rel=\"noopener noreferrer\">EGLO<\/a> &#8211; <a href=\"https:\/\/niederau.be\/fr\/\" target=\"_blank\" rel=\"noopener noreferrer\">NIEDERAU<\/a> <a href=\"https:\/\/www.nordlux.fr\/?geo=true\" target=\"_blank\" rel=\"noopener noreferrer\">&#8211; NORDLUX<\/a><\/p>\n<\/div><\/section><\/p>\n<\/div><\/div><div class='flex_cell av-qxi85-5ac6c84784fdfaea9fdd963496e07ac2 av-gridrow-cell av_one_third no_margin  avia-builder-el-14  el_after_av_cell_one_third  avia-builder-el-last '  ><div class='flex_cell_inner'><p>\n<style type=\"text\/css\" data-created_by=\"avia_inline_auto\" id=\"style-css-av-av_heading-0abeb32ddb875c2c49bdb254e519dc10\">\n#top .av-special-heading.av-av_heading-0abeb32ddb875c2c49bdb254e519dc10{\npadding-bottom:10px;\n}\nbody .av-special-heading.av-av_heading-0abeb32ddb875c2c49bdb254e519dc10 .av-special-heading-tag .heading-char{\nfont-size:25px;\n}\n.av-special-heading.av-av_heading-0abeb32ddb875c2c49bdb254e519dc10 .av-subheading{\nfont-size:15px;\n}\n<\/style>\n<div  class='av-special-heading av-av_heading-0abeb32ddb875c2c49bdb254e519dc10 av-special-heading-h3  avia-builder-el-15  el_before_av_image  avia-builder-el-first '><h3 class='av-special-heading-tag '  itemprop=\"headline\"  >\u00c9clairage technique<\/h3><div class=\"special-heading-border\"><div class=\"special-heading-inner-border\"><\/div><\/div><\/div><br \/>\n\n<style type=\"text\/css\" data-created_by=\"avia_inline_auto\" id=\"style-css-av-jxn4u2hq-ad2c94c161511b39f9b9a8b9f51e1a0d\">\n.avia-image-container.av-jxn4u2hq-ad2c94c161511b39f9b9a8b9f51e1a0d img.avia_image{\nbox-shadow:none;\n}\n.avia-image-container.av-jxn4u2hq-ad2c94c161511b39f9b9a8b9f51e1a0d .av-image-caption-overlay-center{\ncolor:#ffffff;\n}\n<\/style>\n<div  class='avia-image-container av-jxn4u2hq-ad2c94c161511b39f9b9a8b9f51e1a0d av-styling- avia_animated_image av-animated-when-visible-95 pop-up avia-align-center  avia-builder-el-16  el_after_av_heading  el_before_av_textblock '   itemprop=\"image\" itemscope=\"itemscope\" itemtype=\"https:\/\/schema.org\/ImageObject\" ><div class=\"avia-image-container-inner\"><div class=\"avia-image-overlay-wrap\"><img decoding=\"async\" fetchpriority=\"high\" class='wp-image-3848 avia-img-lazy-loading-not-3848 avia_image ' src=\"https:\/\/elektro-linden.com\/wp-content\/uploads\/2019\/07\/Elektro-linden-beleuchtung.jpg\" alt='' title='Elektro-linden-beleuchtung'  height=\"260\" width=\"440\"  itemprop=\"thumbnailUrl\" srcset=\"https:\/\/elektro-linden.com\/wp-content\/uploads\/2019\/07\/Elektro-linden-beleuchtung.jpg 440w, https:\/\/elektro-linden.com\/wp-content\/uploads\/2019\/07\/Elektro-linden-beleuchtung-300x177.jpg 300w\" sizes=\"(max-width: 440px) 100vw, 440px\" \/><\/div><\/div><\/div><br \/>\n\n<style type=\"text\/css\" data-created_by=\"avia_inline_auto\" id=\"style-css-av-jxn4pe6y-c4f27d40af2792dfe80ff87589ff3725\">\n#top .av_textblock_section.av-jxn4pe6y-c4f27d40af2792dfe80ff87589ff3725 .avia_textblock{\nfont-size:15px;\n}\n<\/style>\n<section  class='av_textblock_section av-jxn4pe6y-c4f27d40af2792dfe80ff87589ff3725 '   itemscope=\"itemscope\" itemtype=\"https:\/\/schema.org\/CreativeWork\" ><div class='avia_textblock'  itemprop=\"text\" ><p>Rendez-nous visite et obtenez des conseils exclusifs sur nos produits tels que les rubans \u00e0 LED.<\/p>\n<p>Certains de nos fournisseurs:<\/p>\n<p><a href=\"https:\/\/www.idtolight.com\/produits\/profiles\" target=\"_blank\" rel=\"noopener noreferrer\">ID2LIGHT<\/a> &#8211; <a href=\"https:\/\/www.lighting.philips.be\/fr\/consumer\" target=\"_blank\" rel=\"noopener noreferrer\">PHILIPS<\/a> &#8211; <a href=\"https:\/\/www.lumotronic.eu\/\" target=\"_blank\" rel=\"noopener noreferrer\">LUMOTRONIC<\/a> &#8211; <a href=\"https:\/\/www.switch-made.com\/\" target=\"_blank\" rel=\"noopener noreferrer\">SWITCH MADE<\/a> &#8211; <a href=\"https:\/\/www.slv.cloud\/fr_fr\/\" target=\"_blank\" rel=\"noopener noreferrer\">SLV<\/a><\/p>\n<\/div><\/section><\/p>\n<\/div><\/div><\/div>\n","protected":false},"excerpt":{"rendered":"","protected":false},"author":1,"featured_media":0,"parent":4212,"menu_order":0,"comment_status":"closed","ping_status":"closed","template":"","meta":{"_monsterinsights_skip_tracking":false,"_monsterinsights_sitenote_active":false,"_monsterinsights_sitenote_note":"","_monsterinsights_sitenote_category":0,"footnotes":""},"class_list":["post-4275","page","type-page","status-publish","hentry"],"yoast_head":"<!-- This site is optimized with the Yoast SEO plugin v27.5 - https:\/\/yoast.com\/product\/yoast-seo-wordpress\/ -->\n<title>Eclairage - Elektro Linden<\/title>\n<meta name=\"robots\" content=\"index, follow, max-snippet:-1, max-image-preview:large, max-video-preview:-1\" \/>\n<link rel=\"canonical\" href=\"https:\/\/elektro-linden.com\/fr\/produits-electriques\/eclairage\/\" \/>\n<meta property=\"og:locale\" content=\"fr_FR\" \/>\n<meta property=\"og:type\" content=\"article\" \/>\n<meta property=\"og:title\" content=\"Eclairage - Elektro Linden\" \/>\n<meta property=\"og:url\" content=\"https:\/\/elektro-linden.com\/fr\/produits-electriques\/eclairage\/\" \/>\n<meta property=\"og:site_name\" content=\"Elektro Linden\" \/>\n<meta property=\"article:modified_time\" content=\"2019-11-21T10:39:28+00:00\" \/>\n<meta name=\"twitter:card\" content=\"summary_large_image\" \/>\n<meta name=\"twitter:label1\" content=\"Dur\u00e9e de lecture estim\u00e9e\" \/>\n\t<meta name=\"twitter:data1\" content=\"5 minutes\" \/>\n<script type=\"application\/ld+json\" class=\"yoast-schema-graph\">{\"@context\":\"https:\\\/\\\/schema.org\",\"@graph\":[{\"@type\":\"WebPage\",\"@id\":\"https:\\\/\\\/elektro-linden.com\\\/fr\\\/produits-electriques\\\/eclairage\\\/\",\"url\":\"https:\\\/\\\/elektro-linden.com\\\/fr\\\/produits-electriques\\\/eclairage\\\/\",\"name\":\"Eclairage - Elektro Linden\",\"isPartOf\":{\"@id\":\"https:\\\/\\\/elektro-linden.com\\\/#website\"},\"datePublished\":\"2019-11-11T09:02:43+00:00\",\"dateModified\":\"2019-11-21T10:39:28+00:00\",\"breadcrumb\":{\"@id\":\"https:\\\/\\\/elektro-linden.com\\\/fr\\\/produits-electriques\\\/eclairage\\\/#breadcrumb\"},\"inLanguage\":\"fr-FR\",\"potentialAction\":[{\"@type\":\"ReadAction\",\"target\":[\"https:\\\/\\\/elektro-linden.com\\\/fr\\\/produits-electriques\\\/eclairage\\\/\"]}]},{\"@type\":\"BreadcrumbList\",\"@id\":\"https:\\\/\\\/elektro-linden.com\\\/fr\\\/produits-electriques\\\/eclairage\\\/#breadcrumb\",\"itemListElement\":[{\"@type\":\"ListItem\",\"position\":1,\"name\":\"Startseite\",\"item\":\"https:\\\/\\\/elektro-linden.com\\\/fr\\\/\"},{\"@type\":\"ListItem\",\"position\":2,\"name\":\"Produits \u00e9lectriques\",\"item\":\"https:\\\/\\\/elektro-linden.com\\\/fr\\\/produits-electriques\\\/\"},{\"@type\":\"ListItem\",\"position\":3,\"name\":\"Eclairage\"}]},{\"@type\":\"WebSite\",\"@id\":\"https:\\\/\\\/elektro-linden.com\\\/#website\",\"url\":\"https:\\\/\\\/elektro-linden.com\\\/\",\"name\":\"Elektro Linden\",\"description\":\"Ihr Elektropartner aus Ostbelgien\",\"potentialAction\":[{\"@type\":\"SearchAction\",\"target\":{\"@type\":\"EntryPoint\",\"urlTemplate\":\"https:\\\/\\\/elektro-linden.com\\\/?s={search_term_string}\"},\"query-input\":{\"@type\":\"PropertyValueSpecification\",\"valueRequired\":true,\"valueName\":\"search_term_string\"}}],\"inLanguage\":\"fr-FR\"}]}<\/script>\n<!-- \/ Yoast SEO plugin. -->","yoast_head_json":{"title":"Eclairage - Elektro Linden","robots":{"index":"index","follow":"follow","max-snippet":"max-snippet:-1","max-image-preview":"max-image-preview:large","max-video-preview":"max-video-preview:-1"},"canonical":"https:\/\/elektro-linden.com\/fr\/produits-electriques\/eclairage\/","og_locale":"fr_FR","og_type":"article","og_title":"Eclairage - Elektro Linden","og_url":"https:\/\/elektro-linden.com\/fr\/produits-electriques\/eclairage\/","og_site_name":"Elektro Linden","article_modified_time":"2019-11-21T10:39:28+00:00","twitter_card":"summary_large_image","twitter_misc":{"Dur\u00e9e de lecture estim\u00e9e":"5 minutes"},"schema":{"@context":"https:\/\/schema.org","@graph":[{"@type":"WebPage","@id":"https:\/\/elektro-linden.com\/fr\/produits-electriques\/eclairage\/","url":"https:\/\/elektro-linden.com\/fr\/produits-electriques\/eclairage\/","name":"Eclairage - Elektro Linden","isPartOf":{"@id":"https:\/\/elektro-linden.com\/#website"},"datePublished":"2019-11-11T09:02:43+00:00","dateModified":"2019-11-21T10:39:28+00:00","breadcrumb":{"@id":"https:\/\/elektro-linden.com\/fr\/produits-electriques\/eclairage\/#breadcrumb"},"inLanguage":"fr-FR","potentialAction":[{"@type":"ReadAction","target":["https:\/\/elektro-linden.com\/fr\/produits-electriques\/eclairage\/"]}]},{"@type":"BreadcrumbList","@id":"https:\/\/elektro-linden.com\/fr\/produits-electriques\/eclairage\/#breadcrumb","itemListElement":[{"@type":"ListItem","position":1,"name":"Startseite","item":"https:\/\/elektro-linden.com\/fr\/"},{"@type":"ListItem","position":2,"name":"Produits \u00e9lectriques","item":"https:\/\/elektro-linden.com\/fr\/produits-electriques\/"},{"@type":"ListItem","position":3,"name":"Eclairage"}]},{"@type":"WebSite","@id":"https:\/\/elektro-linden.com\/#website","url":"https:\/\/elektro-linden.com\/","name":"Elektro Linden","description":"Ihr Elektropartner aus Ostbelgien","potentialAction":[{"@type":"SearchAction","target":{"@type":"EntryPoint","urlTemplate":"https:\/\/elektro-linden.com\/?s={search_term_string}"},"query-input":{"@type":"PropertyValueSpecification","valueRequired":true,"valueName":"search_term_string"}}],"inLanguage":"fr-FR"}]}},"_links":{"self":[{"href":"https:\/\/elektro-linden.com\/fr\/wp-json\/wp\/v2\/pages\/4275","targetHints":{"allow":["GET"]}}],"collection":[{"href":"https:\/\/elektro-linden.com\/fr\/wp-json\/wp\/v2\/pages"}],"about":[{"href":"https:\/\/elektro-linden.com\/fr\/wp-json\/wp\/v2\/types\/page"}],"author":[{"embeddable":true,"href":"https:\/\/elektro-linden.com\/fr\/wp-json\/wp\/v2\/users\/1"}],"replies":[{"embeddable":true,"href":"https:\/\/elektro-linden.com\/fr\/wp-json\/wp\/v2\/comments?post=4275"}],"version-history":[{"count":4,"href":"https:\/\/elektro-linden.com\/fr\/wp-json\/wp\/v2\/pages\/4275\/revisions"}],"predecessor-version":[{"id":4664,"href":"https:\/\/elektro-linden.com\/fr\/wp-json\/wp\/v2\/pages\/4275\/revisions\/4664"}],"up":[{"embeddable":true,"href":"https:\/\/elektro-linden.com\/fr\/wp-json\/wp\/v2\/pages\/4212"}],"wp:attachment":[{"href":"https:\/\/elektro-linden.com\/fr\/wp-json\/wp\/v2\/media?parent=4275"}],"curies":[{"name":"wp","href":"https:\/\/api.w.org\/{rel}","templated":true}]}}